{"id":91,"date":"2011-11-13T18:42:39","date_gmt":"2011-11-13T17:42:39","guid":{"rendered":"http:\/\/lamangriere.wordpress.com\/?page_id=91"},"modified":"2020-05-25T20:26:15","modified_gmt":"2020-05-25T18:26:15","slug":"abattoir","status":"publish","type":"page","link":"https:\/\/xn--lamangrire-66a.fr\/index.php\/abattoir\/","title":{"rendered":"L&rsquo;Abattoir"},"content":{"rendered":"\t\t<div data-elementor-type=\"wp-page\" data-elementor-id=\"91\" class=\"elementor elementor-91\">\n\t\t\t\t\t\t<section class=\"elementor-section elementor-top-section elementor-element elementor-element-6b36525 elementor-section-stretched elementor-section-boxed elementor-section-height-default elementor-section-height-default\" data-id=\"6b36525\" data-element_type=\"section\" data-e-type=\"section\" data-settings=\"{&quot;stretch_section&quot;:&quot;section-stretched&quot;}\">\n\t\t\t\t\t\t<div class=\"elementor-container elementor-column-gap-default\">\n\t\t\t\t\t<div class=\"elementor-column elementor-col-100 elementor-top-column elementor-element elementor-element-f560606\" data-id=\"f560606\" data-element_type=\"column\" data-e-type=\"column\">\n\t\t\t<div class=\"elementor-widget-wrap elementor-element-populated\">\n\t\t\t\t\t\t<div class=\"elementor-element elementor-element-07a9713 elementor-widget elementor-widget-heading\" data-id=\"07a9713\" data-element_type=\"widget\" data-e-type=\"widget\" data-widget_type=\"heading.default\">\n\t\t\t\t<div class=\"elementor-widget-container\">\n\t\t\t\t\t<h2 class=\"elementor-heading-title elementor-size-xxl\">L'abattoir de la ferme<\/h2>\t\t\t\t<\/div>\n\t\t\t\t<\/div>\n\t\t\t\t\t<\/div>\n\t\t<\/div>\n\t\t\t\t\t<\/div>\n\t\t<\/section>\n\t\t\t\t<section class=\"elementor-section elementor-top-section elementor-element elementor-element-09e897c elementor-section-stretched elementor-section-boxed elementor-section-height-default elementor-section-height-default\" data-id=\"09e897c\" data-element_type=\"section\" data-e-type=\"section\" data-settings=\"{&quot;stretch_section&quot;:&quot;section-stretched&quot;}\">\n\t\t\t\t\t\t<div class=\"elementor-container elementor-column-gap-default\">\n\t\t\t\t\t<div class=\"elementor-column elementor-col-100 elementor-top-column elementor-element elementor-element-c7be8ae\" data-id=\"c7be8ae\" data-element_type=\"column\" data-e-type=\"column\">\n\t\t\t<div class=\"elementor-widget-wrap elementor-element-populated\">\n\t\t\t\t\t\t<div class=\"elementor-element elementor-element-ffebd46 elementor-widget-divider--separator-type-pattern elementor-widget-divider--no-spacing elementor-widget-divider--view-line elementor-widget elementor-widget-divider\" data-id=\"ffebd46\" data-element_type=\"widget\" data-e-type=\"widget\" data-widget_type=\"divider.default\">\n\t\t\t\t<div class=\"elementor-widget-container\">\n\t\t\t\t\t\t\t<div class=\"elementor-divider\" style=\"--divider-pattern-url: url(&quot;data:image\/svg+xml,%3Csvg xmlns=&#039;http:\/\/www.w3.org\/2000\/svg&#039; preserveAspectRatio=&#039;xMidYMid meet&#039; overflow=&#039;visible&#039; height=&#039;100%&#039; viewBox=&#039;0 0 121 26&#039; fill=&#039;black&#039; stroke=&#039;none&#039;%3E%3Cpath d=&#039;M29.6,10.3l2.1,2.2l-3.6,3.3h7v2.9h-7l3.6,3.5l-2.1,1.7l-5.2-5.2h-5.8v-2.9h5.8L29.6,10.3z M70.9,9.6l2.1,1.7l-3.6,3.5h7v2.9h-7l3.6,3.3l-2.1,2.2l-5.2-5.5h-5.8v-2.9h5.8L70.9,9.6z M111.5,9.6l2.1,1.7l-3.6,3.5h7v2.9h-7l3.6,3.3l-2.1,2.2l-5.2-5.5h-5.8v-2.9h5.8L111.5,9.6z M50.2,2.7l2.1,1.7l-3.6,3.5h7v2.9h-7l3.6,3.3l-2.1,2.2L45,10.7h-5.8V7.9H45L50.2,2.7z M11,2l2.1,1.7L9.6,7.2h7V10h-7l3.6,3.3L11,15.5L5.8,10H0V7.2h5.8L11,2z M91.5,2l2.1,2.2l-3.6,3.3h7v2.9h-7l3.6,3.5l-2.1,1.7l-5.2-5.2h-5.8V7.5h5.8L91.5,2z&#039;\/%3E%3C\/svg%3E&quot;);\">\n\t\t\t<span class=\"elementor-divider-separator\">\n\t\t\t\t\t\t<\/span>\n\t\t<\/div>\n\t\t\t\t\t\t<\/div>\n\t\t\t\t<\/div>\n\t\t\t\t\t<\/div>\n\t\t<\/div>\n\t\t\t\t\t<\/div>\n\t\t<\/section>\n\t\t\t\t<section class=\"elementor-section elementor-top-section elementor-element elementor-element-06c0483 elementor-section-stretched elementor-section-boxed elementor-section-height-default elementor-section-height-default\" data-id=\"06c0483\" data-element_type=\"section\" data-e-type=\"section\" data-settings=\"{&quot;stretch_section&quot;:&quot;section-stretched&quot;}\">\n\t\t\t\t\t\t<div class=\"elementor-container elementor-column-gap-default\">\n\t\t\t\t\t<div class=\"elementor-column elementor-col-100 elementor-top-column elementor-element elementor-element-6dc08b8\" data-id=\"6dc08b8\" data-element_type=\"column\" data-e-type=\"column\">\n\t\t\t<div class=\"elementor-widget-wrap elementor-element-populated\">\n\t\t\t\t\t\t<div class=\"elementor-element elementor-element-52aeea7 elementor-widget elementor-widget-text-editor\" data-id=\"52aeea7\" data-element_type=\"widget\" data-e-type=\"widget\" data-widget_type=\"text-editor.default\">\n\t\t\t\t<div class=\"elementor-widget-container\">\n\t\t\t\t\t\t\t\t\t<p>Avec la cr\u00e9ation de notre abattoir agr\u00e9\u00e9 CEE en 2007, puis agrandit en 2018 nous sommes actuellement autonome pour la transformation des volailles.\u00a0<\/p>\t\t\t\t\t\t\t\t<\/div>\n\t\t\t\t<\/div>\n\t\t\t\t\t<\/div>\n\t\t<\/div>\n\t\t\t\t\t<\/div>\n\t\t<\/section>\n\t\t\t\t<section class=\"elementor-section elementor-top-section elementor-element elementor-element-3f67ad3 elementor-section-stretched elementor-section-boxed elementor-section-height-default elementor-section-height-default\" data-id=\"3f67ad3\" data-element_type=\"section\" data-e-type=\"section\" data-settings=\"{&quot;stretch_section&quot;:&quot;section-stretched&quot;,&quot;background_background&quot;:&quot;classic&quot;}\">\n\t\t\t\t\t\t<div class=\"elementor-container elementor-column-gap-extended\">\n\t\t\t\t\t<div class=\"elementor-column elementor-col-100 elementor-top-column elementor-element elementor-element-a0b36da\" data-id=\"a0b36da\" data-element_type=\"column\" data-e-type=\"column\">\n\t\t\t<div class=\"elementor-widget-wrap elementor-element-populated\">\n\t\t\t\t\t\t<div class=\"elementor-element elementor-element-49c093a elementor-arrows-position-outside elementor-pagination-position-outside elementor-widget elementor-widget-image-carousel\" data-id=\"49c093a\" data-element_type=\"widget\" data-e-type=\"widget\" data-settings=\"{&quot;slides_to_scroll&quot;:&quot;3&quot;,&quot;infinite&quot;:&quot;no&quot;,&quot;image_spacing_custom&quot;:{&quot;unit&quot;:&quot;px&quot;,&quot;size&quot;:15,&quot;sizes&quot;:[]},&quot;navigation&quot;:&quot;both&quot;,&quot;autoplay&quot;:&quot;yes&quot;,&quot;pause_on_hover&quot;:&quot;yes&quot;,&quot;pause_on_interaction&quot;:&quot;yes&quot;,&quot;autoplay_speed&quot;:5000,&quot;speed&quot;:500,&quot;image_spacing_custom_tablet&quot;:{&quot;unit&quot;:&quot;px&quot;,&quot;size&quot;:&quot;&quot;,&quot;sizes&quot;:[]},&quot;image_spacing_custom_mobile&quot;:{&quot;unit&quot;:&quot;px&quot;,&quot;size&quot;:&quot;&quot;,&quot;sizes&quot;:[]}}\" data-widget_type=\"image-carousel.default\">\n\t\t\t\t<div class=\"elementor-widget-container\">\n\t\t\t\t\t\t\t<div class=\"elementor-image-carousel-wrapper swiper\" role=\"region\" aria-roledescription=\"carousel\" aria-label=\"Carrousel d\u2019images\" dir=\"ltr\">\n\t\t\t<div class=\"elementor-image-carousel swiper-wrapper\" aria-live=\"off\">\n\t\t\t\t\t\t\t\t<div class=\"swiper-slide\" role=\"group\" aria-roledescription=\"slide\" aria-label=\"1 sur 4\"><figure class=\"swiper-slide-inner\"><img decoding=\"async\" class=\"swiper-slide-image\" src=\"https:\/\/xn--lamangrire-66a.fr\/wp-content\/uploads\/2020\/05\/P1150083-768x576.jpg\" alt=\"Bac de trempage\" \/><figcaption class=\"elementor-image-carousel-caption\">Bac de trempage<\/figcaption><\/figure><\/div><div class=\"swiper-slide\" role=\"group\" aria-roledescription=\"slide\" aria-label=\"2 sur 4\"><figure class=\"swiper-slide-inner\"><img decoding=\"async\" class=\"swiper-slide-image\" src=\"https:\/\/xn--lamangrire-66a.fr\/wp-content\/uploads\/2020\/05\/P1150079-768x576.jpg\" alt=\"Plumeuse\" \/><figcaption class=\"elementor-image-carousel-caption\">Plumeuse<\/figcaption><\/figure><\/div><div class=\"swiper-slide\" role=\"group\" aria-roledescription=\"slide\" aria-label=\"3 sur 4\"><figure class=\"swiper-slide-inner\"><img decoding=\"async\" class=\"swiper-slide-image\" src=\"https:\/\/xn--lamangrire-66a.fr\/wp-content\/uploads\/2020\/05\/P1150080-768x576.jpg\" alt=\"Doigt de plumage\" \/><figcaption class=\"elementor-image-carousel-caption\">Doigt de plumage<\/figcaption><\/figure><\/div><div class=\"swiper-slide\" role=\"group\" aria-roledescription=\"slide\" aria-label=\"4 sur 4\"><figure class=\"swiper-slide-inner\"><img decoding=\"async\" class=\"swiper-slide-image\" src=\"https:\/\/xn--lamangrire-66a.fr\/wp-content\/uploads\/2020\/05\/P1150075-768x576.jpg\" alt=\"Salle d&#039;evisc\u00e9ration\" \/><figcaption class=\"elementor-image-carousel-caption\">Salle d'evisc\u00e9ration<\/figcaption><\/figure><\/div>\t\t\t<\/div>\n\t\t\t\t\t\t\t\t\t\t\t\t<div class=\"elementor-swiper-button elementor-swiper-button-prev\" role=\"button\" tabindex=\"0\">\n\t\t\t\t\t\t<i aria-hidden=\"true\" class=\"eicon-chevron-left\"><\/i>\t\t\t\t\t<\/div>\n\t\t\t\t\t<div class=\"elementor-swiper-button elementor-swiper-button-next\" role=\"button\" tabindex=\"0\">\n\t\t\t\t\t\t<i aria-hidden=\"true\" class=\"eicon-chevron-right\"><\/i>\t\t\t\t\t<\/div>\n\t\t\t\t\n\t\t\t\t\t\t\t\t\t<div class=\"swiper-pagination\"><\/div>\n\t\t\t\t\t\t\t\t\t<\/div>\n\t\t\t\t\t\t<\/div>\n\t\t\t\t<\/div>\n\t\t\t\t\t<\/div>\n\t\t<\/div>\n\t\t\t\t\t<\/div>\n\t\t<\/section>\n\t\t\t\t<section class=\"elementor-section elementor-top-section elementor-element elementor-element-fb16dde elementor-section-stretched elementor-section-boxed elementor-section-height-default elementor-section-height-default\" data-id=\"fb16dde\" data-element_type=\"section\" data-e-type=\"section\" data-settings=\"{&quot;stretch_section&quot;:&quot;section-stretched&quot;}\">\n\t\t\t\t\t\t<div class=\"elementor-container elementor-column-gap-default\">\n\t\t\t\t\t<div class=\"elementor-column elementor-col-50 elementor-top-column elementor-element elementor-element-352fb0c\" data-id=\"352fb0c\" data-element_type=\"column\" data-e-type=\"column\">\n\t\t\t<div class=\"elementor-widget-wrap elementor-element-populated\">\n\t\t\t\t\t\t<div class=\"elementor-element elementor-element-ec395a1 elementor-widget elementor-widget-image\" data-id=\"ec395a1\" data-element_type=\"widget\" data-e-type=\"widget\" data-widget_type=\"image.default\">\n\t\t\t\t<div class=\"elementor-widget-container\">\n\t\t\t\t\t\t\t\t\t\t\t\t\t\t\t<img fetchpriority=\"high\" decoding=\"async\" width=\"300\" height=\"225\" src=\"https:\/\/xn--lamangrire-66a.fr\/wp-content\/uploads\/2020\/05\/P1150073-300x225.jpg\" class=\"attachment-medium size-medium wp-image-522\" alt=\"\" srcset=\"https:\/\/xn--lamangrire-66a.fr\/wp-content\/uploads\/2020\/05\/P1150073-300x225.jpg 300w, https:\/\/xn--lamangrire-66a.fr\/wp-content\/uploads\/2020\/05\/P1150073-1024x768.jpg 1024w, https:\/\/xn--lamangrire-66a.fr\/wp-content\/uploads\/2020\/05\/P1150073-768x576.jpg 768w, https:\/\/xn--lamangrire-66a.fr\/wp-content\/uploads\/2020\/05\/P1150073-1536x1152.jpg 1536w, https:\/\/xn--lamangrire-66a.fr\/wp-content\/uploads\/2020\/05\/P1150073-2048x1536.jpg 2048w, https:\/\/xn--lamangrire-66a.fr\/wp-content\/uploads\/2020\/05\/P1150073-350x263.jpg 350w\" sizes=\"100vw\" \/>\t\t\t\t\t\t\t\t\t\t\t\t\t\t\t<\/div>\n\t\t\t\t<\/div>\n\t\t\t\t<div class=\"elementor-element elementor-element-1787ed9 elementor-widget elementor-widget-text-editor\" data-id=\"1787ed9\" data-element_type=\"widget\" data-e-type=\"widget\" data-widget_type=\"text-editor.default\">\n\t\t\t\t<div class=\"elementor-widget-container\">\n\t\t\t\t\t\t\t\t\t<p><span style=\"font-size: 1rem;\">De plus, notre laboratoire de d\u00e9coupe nous permet de faire de la charcuterie de volailles, afin de vous les proposer \u00e0 l&rsquo;achat.<\/span><br><\/p>\t\t\t\t\t\t\t\t<\/div>\n\t\t\t\t<\/div>\n\t\t\t\t\t<\/div>\n\t\t<\/div>\n\t\t\t\t<div class=\"elementor-column elementor-col-50 elementor-top-column elementor-element elementor-element-eb95884\" data-id=\"eb95884\" data-element_type=\"column\" data-e-type=\"column\">\n\t\t\t<div class=\"elementor-widget-wrap elementor-element-populated\">\n\t\t\t\t\t\t<div class=\"elementor-element elementor-element-f43e50b elementor-widget elementor-widget-image\" data-id=\"f43e50b\" data-element_type=\"widget\" data-e-type=\"widget\" data-widget_type=\"image.default\">\n\t\t\t\t<div class=\"elementor-widget-container\">\n\t\t\t\t\t\t\t\t\t\t\t\t\t\t\t<img decoding=\"async\" width=\"525\" height=\"394\" src=\"https:\/\/xn--lamangrire-66a.fr\/wp-content\/uploads\/2020\/05\/P1150071-768x576.jpg\" class=\"attachment-medium_large size-medium_large wp-image-520\" alt=\"\" srcset=\"https:\/\/xn--lamangrire-66a.fr\/wp-content\/uploads\/2020\/05\/P1150071-768x576.jpg 768w, https:\/\/xn--lamangrire-66a.fr\/wp-content\/uploads\/2020\/05\/P1150071-300x225.jpg 300w, https:\/\/xn--lamangrire-66a.fr\/wp-content\/uploads\/2020\/05\/P1150071-1024x768.jpg 1024w, https:\/\/xn--lamangrire-66a.fr\/wp-content\/uploads\/2020\/05\/P1150071-1536x1152.jpg 1536w, https:\/\/xn--lamangrire-66a.fr\/wp-content\/uploads\/2020\/05\/P1150071-2048x1536.jpg 2048w, https:\/\/xn--lamangrire-66a.fr\/wp-content\/uploads\/2020\/05\/P1150071-350x263.jpg 350w\" sizes=\"100vw\" \/>\t\t\t\t\t\t\t\t\t\t\t\t\t\t\t<\/div>\n\t\t\t\t<\/div>\n\t\t\t\t\t<\/div>\n\t\t<\/div>\n\t\t\t\t\t<\/div>\n\t\t<\/section>\n\t\t\t\t<\/div>\n\t\t","protected":false},"excerpt":{"rendered":"<p>L&rsquo;abattoir de la ferme Avec la cr\u00e9ation de notre abattoir agr\u00e9\u00e9 CEE en 2007, puis agrandit en 2018 nous sommes actuellement autonome pour la transformation des volailles.\u00a0 Bac de trempage Plumeuse Doigt de plumage Salle d&rsquo;evisc\u00e9ration Pr\u00e9c\u00e9dent Suivant De plus, notre laboratoire de d\u00e9coupe nous permet de faire de la charcuterie de volailles, afin de &hellip; <\/p>\n<p class=\"link-more\"><a href=\"https:\/\/xn--lamangrire-66a.fr\/index.php\/abattoir\/\" class=\"more-link\">Continuer la lecture<span class=\"screen-reader-text\"> de &laquo;&nbsp;L&rsquo;Abattoir&nbsp;&raquo;<\/span><\/a><\/p>\n","protected":false},"author":2,"featured_media":0,"parent":0,"menu_order":8,"comment_status":"closed","ping_status":"closed","template":"","meta":{"footnotes":""},"class_list":["post-91","page","type-page","status-publish","hentry"],"yoast_head":"<!-- This site is optimized with the Yoast SEO plugin v27.4 - https:\/\/yoast.com\/product\/yoast-seo-wordpress\/ -->\n<title>L&#039;Abattoir - La Mangri\u00e8re<\/title>\n<meta name=\"robots\" content=\"index, follow, max-snippet:-1, max-image-preview:large, max-video-preview:-1\" \/>\n<link rel=\"canonical\" href=\"https:\/\/xn--lamangrire-66a.fr\/index.php\/abattoir\/\" \/>\n<meta property=\"og:locale\" content=\"fr_FR\" \/>\n<meta property=\"og:type\" content=\"article\" \/>\n<meta property=\"og:title\" content=\"L&#039;Abattoir - La Mangri\u00e8re\" \/>\n<meta property=\"og:description\" content=\"L&rsquo;abattoir de la ferme Avec la cr\u00e9ation de notre abattoir agr\u00e9\u00e9 CEE en 2007, puis agrandit en 2018 nous sommes actuellement autonome pour la transformation des volailles.\u00a0 Bac de trempage Plumeuse Doigt de plumage Salle d&rsquo;evisc\u00e9ration Pr\u00e9c\u00e9dent Suivant De plus, notre laboratoire de d\u00e9coupe nous permet de faire de la charcuterie de volailles, afin de &hellip; Continuer la lecture de &laquo;&nbsp;L&rsquo;Abattoir&nbsp;&raquo;\" \/>\n<meta property=\"og:url\" content=\"https:\/\/xn--lamangrire-66a.fr\/index.php\/abattoir\/\" \/>\n<meta property=\"og:site_name\" content=\"La Mangri\u00e8re\" \/>\n<meta property=\"article:publisher\" content=\"https:\/\/www.facebook.com\/lamangrierevolaillesfermieres\/\" \/>\n<meta property=\"article:modified_time\" content=\"2020-05-25T18:26:15+00:00\" \/>\n<meta property=\"og:image\" content=\"https:\/\/xn--lamangrire-66a.fr\/wp-content\/uploads\/2020\/05\/P1150083-768x576.jpg\" \/>\n<meta name=\"twitter:card\" content=\"summary_large_image\" \/>\n<script type=\"application\/ld+json\" class=\"yoast-schema-graph\">{\"@context\":\"https:\\\/\\\/schema.org\",\"@graph\":[{\"@type\":\"WebPage\",\"@id\":\"https:\\\/\\\/xn--lamangrire-66a.fr\\\/index.php\\\/abattoir\\\/\",\"url\":\"https:\\\/\\\/xn--lamangrire-66a.fr\\\/index.php\\\/abattoir\\\/\",\"name\":\"L'Abattoir - La Mangri\u00e8re\",\"isPartOf\":{\"@id\":\"https:\\\/\\\/xn--lamangrire-66a.fr\\\/#website\"},\"primaryImageOfPage\":{\"@id\":\"https:\\\/\\\/xn--lamangrire-66a.fr\\\/index.php\\\/abattoir\\\/#primaryimage\"},\"image\":{\"@id\":\"https:\\\/\\\/xn--lamangrire-66a.fr\\\/index.php\\\/abattoir\\\/#primaryimage\"},\"thumbnailUrl\":\"https:\\\/\\\/xn--lamangrire-66a.fr\\\/wp-content\\\/uploads\\\/2020\\\/05\\\/P1150083-768x576.jpg\",\"datePublished\":\"2011-11-13T17:42:39+00:00\",\"dateModified\":\"2020-05-25T18:26:15+00:00\",\"breadcrumb\":{\"@id\":\"https:\\\/\\\/xn--lamangrire-66a.fr\\\/index.php\\\/abattoir\\\/#breadcrumb\"},\"inLanguage\":\"fr-FR\",\"potentialAction\":[{\"@type\":\"ReadAction\",\"target\":[\"https:\\\/\\\/xn--lamangrire-66a.fr\\\/index.php\\\/abattoir\\\/\"]}]},{\"@type\":\"ImageObject\",\"inLanguage\":\"fr-FR\",\"@id\":\"https:\\\/\\\/xn--lamangrire-66a.fr\\\/index.php\\\/abattoir\\\/#primaryimage\",\"url\":\"https:\\\/\\\/xn--lamangrire-66a.fr\\\/wp-content\\\/uploads\\\/2020\\\/05\\\/P1150083-scaled.jpg\",\"contentUrl\":\"https:\\\/\\\/xn--lamangrire-66a.fr\\\/wp-content\\\/uploads\\\/2020\\\/05\\\/P1150083-scaled.jpg\",\"width\":2560,\"height\":1920,\"caption\":\"Bac de trempage\"},{\"@type\":\"BreadcrumbList\",\"@id\":\"https:\\\/\\\/xn--lamangrire-66a.fr\\\/index.php\\\/abattoir\\\/#breadcrumb\",\"itemListElement\":[{\"@type\":\"ListItem\",\"position\":1,\"name\":\"Accueil\",\"item\":\"https:\\\/\\\/xn--lamangrire-66a.fr\\\/\"},{\"@type\":\"ListItem\",\"position\":2,\"name\":\"L&rsquo;Abattoir\"}]},{\"@type\":\"WebSite\",\"@id\":\"https:\\\/\\\/xn--lamangrire-66a.fr\\\/#website\",\"url\":\"https:\\\/\\\/xn--lamangrire-66a.fr\\\/\",\"name\":\"La Mangri\u00e8re\",\"description\":\"Volailles Fermi\u00e8res\",\"publisher\":{\"@id\":\"https:\\\/\\\/xn--lamangrire-66a.fr\\\/#organization\"},\"potentialAction\":[{\"@type\":\"SearchAction\",\"target\":{\"@type\":\"EntryPoint\",\"urlTemplate\":\"https:\\\/\\\/xn--lamangrire-66a.fr\\\/?s={search_term_string}\"},\"query-input\":{\"@type\":\"PropertyValueSpecification\",\"valueRequired\":true,\"valueName\":\"search_term_string\"}}],\"inLanguage\":\"fr-FR\"},{\"@type\":\"Organization\",\"@id\":\"https:\\\/\\\/xn--lamangrire-66a.fr\\\/#organization\",\"name\":\"La Mangri\u00e8re\",\"url\":\"https:\\\/\\\/xn--lamangrire-66a.fr\\\/\",\"logo\":{\"@type\":\"ImageObject\",\"inLanguage\":\"fr-FR\",\"@id\":\"https:\\\/\\\/xn--lamangrire-66a.fr\\\/#\\\/schema\\\/logo\\\/image\\\/\",\"url\":\"https:\\\/\\\/xn--lamangrire-66a.fr\\\/wp-content\\\/uploads\\\/2018\\\/02\\\/maison5-rc3a9duit-e1588015501561.jpg\",\"contentUrl\":\"https:\\\/\\\/xn--lamangrire-66a.fr\\\/wp-content\\\/uploads\\\/2018\\\/02\\\/maison5-rc3a9duit-e1588015501561.jpg\",\"width\":100,\"height\":54,\"caption\":\"La Mangri\u00e8re\"},\"image\":{\"@id\":\"https:\\\/\\\/xn--lamangrire-66a.fr\\\/#\\\/schema\\\/logo\\\/image\\\/\"},\"sameAs\":[\"https:\\\/\\\/www.facebook.com\\\/lamangrierevolaillesfermieres\\\/\"]}]}<\/script>\n<!-- \/ Yoast SEO plugin. -->","yoast_head_json":{"title":"L'Abattoir - La Mangri\u00e8re","robots":{"index":"index","follow":"follow","max-snippet":"max-snippet:-1","max-image-preview":"max-image-preview:large","max-video-preview":"max-video-preview:-1"},"canonical":"https:\/\/xn--lamangrire-66a.fr\/index.php\/abattoir\/","og_locale":"fr_FR","og_type":"article","og_title":"L'Abattoir - La Mangri\u00e8re","og_description":"L&rsquo;abattoir de la ferme Avec la cr\u00e9ation de notre abattoir agr\u00e9\u00e9 CEE en 2007, puis agrandit en 2018 nous sommes actuellement autonome pour la transformation des volailles.\u00a0 Bac de trempage Plumeuse Doigt de plumage Salle d&rsquo;evisc\u00e9ration Pr\u00e9c\u00e9dent Suivant De plus, notre laboratoire de d\u00e9coupe nous permet de faire de la charcuterie de volailles, afin de &hellip; Continuer la lecture de &laquo;&nbsp;L&rsquo;Abattoir&nbsp;&raquo;","og_url":"https:\/\/xn--lamangrire-66a.fr\/index.php\/abattoir\/","og_site_name":"La Mangri\u00e8re","article_publisher":"https:\/\/www.facebook.com\/lamangrierevolaillesfermieres\/","article_modified_time":"2020-05-25T18:26:15+00:00","og_image":[{"url":"https:\/\/xn--lamangrire-66a.fr\/wp-content\/uploads\/2020\/05\/P1150083-768x576.jpg","type":"","width":"","height":""}],"twitter_card":"summary_large_image","schema":{"@context":"https:\/\/schema.org","@graph":[{"@type":"WebPage","@id":"https:\/\/xn--lamangrire-66a.fr\/index.php\/abattoir\/","url":"https:\/\/xn--lamangrire-66a.fr\/index.php\/abattoir\/","name":"L'Abattoir - La Mangri\u00e8re","isPartOf":{"@id":"https:\/\/xn--lamangrire-66a.fr\/#website"},"primaryImageOfPage":{"@id":"https:\/\/xn--lamangrire-66a.fr\/index.php\/abattoir\/#primaryimage"},"image":{"@id":"https:\/\/xn--lamangrire-66a.fr\/index.php\/abattoir\/#primaryimage"},"thumbnailUrl":"https:\/\/xn--lamangrire-66a.fr\/wp-content\/uploads\/2020\/05\/P1150083-768x576.jpg","datePublished":"2011-11-13T17:42:39+00:00","dateModified":"2020-05-25T18:26:15+00:00","breadcrumb":{"@id":"https:\/\/xn--lamangrire-66a.fr\/index.php\/abattoir\/#breadcrumb"},"inLanguage":"fr-FR","potentialAction":[{"@type":"ReadAction","target":["https:\/\/xn--lamangrire-66a.fr\/index.php\/abattoir\/"]}]},{"@type":"ImageObject","inLanguage":"fr-FR","@id":"https:\/\/xn--lamangrire-66a.fr\/index.php\/abattoir\/#primaryimage","url":"https:\/\/xn--lamangrire-66a.fr\/wp-content\/uploads\/2020\/05\/P1150083-scaled.jpg","contentUrl":"https:\/\/xn--lamangrire-66a.fr\/wp-content\/uploads\/2020\/05\/P1150083-scaled.jpg","width":2560,"height":1920,"caption":"Bac de trempage"},{"@type":"BreadcrumbList","@id":"https:\/\/xn--lamangrire-66a.fr\/index.php\/abattoir\/#breadcrumb","itemListElement":[{"@type":"ListItem","position":1,"name":"Accueil","item":"https:\/\/xn--lamangrire-66a.fr\/"},{"@type":"ListItem","position":2,"name":"L&rsquo;Abattoir"}]},{"@type":"WebSite","@id":"https:\/\/xn--lamangrire-66a.fr\/#website","url":"https:\/\/xn--lamangrire-66a.fr\/","name":"La Mangri\u00e8re","description":"Volailles Fermi\u00e8res","publisher":{"@id":"https:\/\/xn--lamangrire-66a.fr\/#organization"},"potentialAction":[{"@type":"SearchAction","target":{"@type":"EntryPoint","urlTemplate":"https:\/\/xn--lamangrire-66a.fr\/?s={search_term_string}"},"query-input":{"@type":"PropertyValueSpecification","valueRequired":true,"valueName":"search_term_string"}}],"inLanguage":"fr-FR"},{"@type":"Organization","@id":"https:\/\/xn--lamangrire-66a.fr\/#organization","name":"La Mangri\u00e8re","url":"https:\/\/xn--lamangrire-66a.fr\/","logo":{"@type":"ImageObject","inLanguage":"fr-FR","@id":"https:\/\/xn--lamangrire-66a.fr\/#\/schema\/logo\/image\/","url":"https:\/\/xn--lamangrire-66a.fr\/wp-content\/uploads\/2018\/02\/maison5-rc3a9duit-e1588015501561.jpg","contentUrl":"https:\/\/xn--lamangrire-66a.fr\/wp-content\/uploads\/2018\/02\/maison5-rc3a9duit-e1588015501561.jpg","width":100,"height":54,"caption":"La Mangri\u00e8re"},"image":{"@id":"https:\/\/xn--lamangrire-66a.fr\/#\/schema\/logo\/image\/"},"sameAs":["https:\/\/www.facebook.com\/lamangrierevolaillesfermieres\/"]}]}},"jetpack_sharing_enabled":true,"_links":{"self":[{"href":"https:\/\/xn--lamangrire-66a.fr\/index.php\/wp-json\/wp\/v2\/pages\/91","targetHints":{"allow":["GET"]}}],"collection":[{"href":"https:\/\/xn--lamangrire-66a.fr\/index.php\/wp-json\/wp\/v2\/pages"}],"about":[{"href":"https:\/\/xn--lamangrire-66a.fr\/index.php\/wp-json\/wp\/v2\/types\/page"}],"author":[{"embeddable":true,"href":"https:\/\/xn--lamangrire-66a.fr\/index.php\/wp-json\/wp\/v2\/users\/2"}],"replies":[{"embeddable":true,"href":"https:\/\/xn--lamangrire-66a.fr\/index.php\/wp-json\/wp\/v2\/comments?post=91"}],"version-history":[{"count":3,"href":"https:\/\/xn--lamangrire-66a.fr\/index.php\/wp-json\/wp\/v2\/pages\/91\/revisions"}],"predecessor-version":[{"id":523,"href":"https:\/\/xn--lamangrire-66a.fr\/index.php\/wp-json\/wp\/v2\/pages\/91\/revisions\/523"}],"wp:attachment":[{"href":"https:\/\/xn--lamangrire-66a.fr\/index.php\/wp-json\/wp\/v2\/media?parent=91"}],"curies":[{"name":"wp","href":"https:\/\/api.w.org\/{rel}","templated":true}]}}