{"id":7,"date":"2011-11-10T20:43:01","date_gmt":"2011-11-10T19:43:01","guid":{"rendered":"http:\/\/lamangriere.wordpress.com\/?page_id=2"},"modified":"2020-05-25T19:24:53","modified_gmt":"2020-05-25T17:24:53","slug":"cultures","status":"publish","type":"page","link":"https:\/\/xn--lamangrire-66a.fr\/index.php\/cultures\/","title":{"rendered":"Les cultures"},"content":{"rendered":"\t\t<div data-elementor-type=\"wp-page\" data-elementor-id=\"7\" class=\"elementor elementor-7\">\n\t\t\t\t\t\t<section class=\"elementor-section elementor-top-section elementor-element elementor-element-2b88fe6 elementor-section-stretched elementor-section-boxed elementor-section-height-default elementor-section-height-default\" data-id=\"2b88fe6\" data-element_type=\"section\" data-e-type=\"section\" data-settings=\"{&quot;stretch_section&quot;:&quot;section-stretched&quot;}\">\n\t\t\t\t\t\t<div class=\"elementor-container elementor-column-gap-default\">\n\t\t\t\t\t<div class=\"elementor-column elementor-col-100 elementor-top-column elementor-element elementor-element-c69bbf9\" data-id=\"c69bbf9\" data-element_type=\"column\" data-e-type=\"column\">\n\t\t\t<div class=\"elementor-widget-wrap elementor-element-populated\">\n\t\t\t\t\t\t<div class=\"elementor-element elementor-element-b26d6ab elementor-widget elementor-widget-heading\" data-id=\"b26d6ab\" data-element_type=\"widget\" data-e-type=\"widget\" data-widget_type=\"heading.default\">\n\t\t\t\t<div class=\"elementor-widget-container\">\n\t\t\t\t\t<h1 class=\"elementor-heading-title elementor-size-xxl\">Les cultures comme base de l'\u00e9levage :<\/h1>\t\t\t\t<\/div>\n\t\t\t\t<\/div>\n\t\t\t\t\t<\/div>\n\t\t<\/div>\n\t\t\t\t\t<\/div>\n\t\t<\/section>\n\t\t\t\t<section class=\"elementor-section elementor-top-section elementor-element elementor-element-f9439b5 elementor-section-stretched elementor-section-boxed elementor-section-height-default elementor-section-height-default\" data-id=\"f9439b5\" data-element_type=\"section\" data-e-type=\"section\" data-settings=\"{&quot;stretch_section&quot;:&quot;section-stretched&quot;}\">\n\t\t\t\t\t\t<div class=\"elementor-container elementor-column-gap-default\">\n\t\t\t\t\t<div class=\"elementor-column elementor-col-100 elementor-top-column elementor-element elementor-element-32aa8ca\" data-id=\"32aa8ca\" data-element_type=\"column\" data-e-type=\"column\">\n\t\t\t<div class=\"elementor-widget-wrap elementor-element-populated\">\n\t\t\t\t\t\t<div class=\"elementor-element elementor-element-979aa82 elementor-widget-divider--separator-type-pattern elementor-widget-divider--no-spacing elementor-widget-divider--view-line elementor-widget elementor-widget-divider\" data-id=\"979aa82\" data-element_type=\"widget\" data-e-type=\"widget\" data-widget_type=\"divider.default\">\n\t\t\t\t<div class=\"elementor-widget-container\">\n\t\t\t\t\t\t\t<div class=\"elementor-divider\" style=\"--divider-pattern-url: url(&quot;data:image\/svg+xml,%3Csvg xmlns=&#039;http:\/\/www.w3.org\/2000\/svg&#039; preserveAspectRatio=&#039;xMidYMid meet&#039; overflow=&#039;visible&#039; height=&#039;100%&#039; viewBox=&#039;0 0 121 26&#039; fill=&#039;black&#039; stroke=&#039;none&#039;%3E%3Cpath d=&#039;M29.6,10.3l2.1,2.2l-3.6,3.3h7v2.9h-7l3.6,3.5l-2.1,1.7l-5.2-5.2h-5.8v-2.9h5.8L29.6,10.3z M70.9,9.6l2.1,1.7l-3.6,3.5h7v2.9h-7l3.6,3.3l-2.1,2.2l-5.2-5.5h-5.8v-2.9h5.8L70.9,9.6z M111.5,9.6l2.1,1.7l-3.6,3.5h7v2.9h-7l3.6,3.3l-2.1,2.2l-5.2-5.5h-5.8v-2.9h5.8L111.5,9.6z M50.2,2.7l2.1,1.7l-3.6,3.5h7v2.9h-7l3.6,3.3l-2.1,2.2L45,10.7h-5.8V7.9H45L50.2,2.7z M11,2l2.1,1.7L9.6,7.2h7V10h-7l3.6,3.3L11,15.5L5.8,10H0V7.2h5.8L11,2z M91.5,2l2.1,2.2l-3.6,3.3h7v2.9h-7l3.6,3.5l-2.1,1.7l-5.2-5.2h-5.8V7.5h5.8L91.5,2z&#039;\/%3E%3C\/svg%3E&quot;);\">\n\t\t\t<span class=\"elementor-divider-separator\">\n\t\t\t\t\t\t<\/span>\n\t\t<\/div>\n\t\t\t\t\t\t<\/div>\n\t\t\t\t<\/div>\n\t\t\t\t\t<\/div>\n\t\t<\/div>\n\t\t\t\t\t<\/div>\n\t\t<\/section>\n\t\t\t\t<section class=\"elementor-section elementor-top-section elementor-element elementor-element-6fae10d elementor-section-stretched elementor-section-boxed elementor-section-height-default elementor-section-height-default\" data-id=\"6fae10d\" data-element_type=\"section\" data-e-type=\"section\" data-settings=\"{&quot;stretch_section&quot;:&quot;section-stretched&quot;}\">\n\t\t\t\t\t\t<div class=\"elementor-container elementor-column-gap-default\">\n\t\t\t\t\t<div class=\"elementor-column elementor-col-100 elementor-top-column elementor-element elementor-element-ca33e22\" data-id=\"ca33e22\" data-element_type=\"column\" data-e-type=\"column\">\n\t\t\t<div class=\"elementor-widget-wrap elementor-element-populated\">\n\t\t\t\t\t\t<div class=\"elementor-element elementor-element-9bd23df elementor-widget elementor-widget-text-editor\" data-id=\"9bd23df\" data-element_type=\"widget\" data-e-type=\"widget\" data-widget_type=\"text-editor.default\">\n\t\t\t\t<div class=\"elementor-widget-container\">\n\t\t\t\t\t\t\t\t\t<p>Le d\u00e9bouch\u00e9 principal de nos cultures est l&rsquo;\u00e9levage. Une grande partie des c\u00e9r\u00e9ales produites est stock\u00e9e \u00e0 la ferme et utilis\u00e9e dans la fabrication de l&rsquo;aliment pour les volailles.<\/p><p>Le bl\u00e9, le ma\u00efs et la f\u00e9verole sont broy\u00e9 directement, le colza est d&rsquo;abord press\u00e9 pour en extraire l&rsquo;huile et le r\u00e9sidu (tourteau) est m\u00e9lang\u00e9 aux autres c\u00e9r\u00e9ales. Lors de la fabrication de l&rsquo;aliment, les proportions de chaque c\u00e9r\u00e9ale varient en fonction de l&rsquo;esp\u00e8ce et l&rsquo;age des volailles. L&rsquo;aliment des volailles est produit \u00e0 95% sur l&rsquo;exploitation.<\/p>\t\t\t\t\t\t\t\t<\/div>\n\t\t\t\t<\/div>\n\t\t\t\t\t<\/div>\n\t\t<\/div>\n\t\t\t\t\t<\/div>\n\t\t<\/section>\n\t\t\t\t<section class=\"elementor-section elementor-top-section elementor-element elementor-element-ce63c2c elementor-section-stretched elementor-section-boxed elementor-section-height-default elementor-section-height-default\" data-id=\"ce63c2c\" data-element_type=\"section\" data-e-type=\"section\" data-settings=\"{&quot;stretch_section&quot;:&quot;section-stretched&quot;}\">\n\t\t\t\t\t\t<div class=\"elementor-container elementor-column-gap-default\">\n\t\t\t\t\t<div class=\"elementor-column elementor-col-50 elementor-top-column elementor-element elementor-element-bca5bc5\" data-id=\"bca5bc5\" data-element_type=\"column\" data-e-type=\"column\">\n\t\t\t<div class=\"elementor-widget-wrap elementor-element-populated\">\n\t\t\t\t\t\t<div class=\"elementor-element elementor-element-5d90165 elementor-widget elementor-widget-image\" data-id=\"5d90165\" data-element_type=\"widget\" data-e-type=\"widget\" data-widget_type=\"image.default\">\n\t\t\t\t<div class=\"elementor-widget-container\">\n\t\t\t\t\t\t\t\t\t\t\t\t<figure class=\"wp-caption\">\n\t\t\t\t\t\t\t\t\t\t<img fetchpriority=\"high\" decoding=\"async\" width=\"525\" height=\"394\" src=\"https:\/\/xn--lamangrire-66a.fr\/wp-content\/uploads\/2020\/05\/P1140759-1024x768.jpg\" class=\"attachment-large size-large wp-image-444\" alt=\"\" srcset=\"https:\/\/xn--lamangrire-66a.fr\/wp-content\/uploads\/2020\/05\/P1140759-1024x768.jpg 1024w, https:\/\/xn--lamangrire-66a.fr\/wp-content\/uploads\/2020\/05\/P1140759-300x225.jpg 300w, https:\/\/xn--lamangrire-66a.fr\/wp-content\/uploads\/2020\/05\/P1140759-768x576.jpg 768w, https:\/\/xn--lamangrire-66a.fr\/wp-content\/uploads\/2020\/05\/P1140759-1536x1152.jpg 1536w, https:\/\/xn--lamangrire-66a.fr\/wp-content\/uploads\/2020\/05\/P1140759-2048x1536.jpg 2048w, https:\/\/xn--lamangrire-66a.fr\/wp-content\/uploads\/2020\/05\/P1140759-350x263.jpg 350w\" sizes=\"100vw\" \/>\t\t\t\t\t\t\t\t\t\t\t<figcaption class=\"widget-image-caption wp-caption-text\">Colza en fleur<\/figcaption>\n\t\t\t\t\t\t\t\t\t\t<\/figure>\n\t\t\t\t\t\t\t\t\t<\/div>\n\t\t\t\t<\/div>\n\t\t\t\t\t<\/div>\n\t\t<\/div>\n\t\t\t\t<div class=\"elementor-column elementor-col-50 elementor-top-column elementor-element elementor-element-1c546b9\" data-id=\"1c546b9\" data-element_type=\"column\" data-e-type=\"column\">\n\t\t\t<div class=\"elementor-widget-wrap elementor-element-populated\">\n\t\t\t\t\t\t<div class=\"elementor-element elementor-element-6b4be74 elementor-widget elementor-widget-image\" data-id=\"6b4be74\" data-element_type=\"widget\" data-e-type=\"widget\" data-widget_type=\"image.default\">\n\t\t\t\t<div class=\"elementor-widget-container\">\n\t\t\t\t\t\t\t\t\t\t\t\t<figure class=\"wp-caption\">\n\t\t\t\t\t\t\t\t\t\t<img decoding=\"async\" width=\"525\" height=\"394\" src=\"https:\/\/xn--lamangrire-66a.fr\/wp-content\/uploads\/2018\/02\/409-1024x768.jpg\" class=\"attachment-large size-large wp-image-199\" alt=\"\" srcset=\"https:\/\/xn--lamangrire-66a.fr\/wp-content\/uploads\/2018\/02\/409-1024x768.jpg 1024w, https:\/\/xn--lamangrire-66a.fr\/wp-content\/uploads\/2018\/02\/409-scaled-350x263.jpg 350w, https:\/\/xn--lamangrire-66a.fr\/wp-content\/uploads\/2018\/02\/409-300x225.jpg 300w, https:\/\/xn--lamangrire-66a.fr\/wp-content\/uploads\/2018\/02\/409-768x576.jpg 768w, https:\/\/xn--lamangrire-66a.fr\/wp-content\/uploads\/2018\/02\/409-1568x1176.jpg 1568w\" sizes=\"100vw\" \/>\t\t\t\t\t\t\t\t\t\t\t<figcaption class=\"widget-image-caption wp-caption-text\">F\u00e9verole qui sera ensuite broy\u00e9e pour l'aliment<\/figcaption>\n\t\t\t\t\t\t\t\t\t\t<\/figure>\n\t\t\t\t\t\t\t\t\t<\/div>\n\t\t\t\t<\/div>\n\t\t\t\t\t<\/div>\n\t\t<\/div>\n\t\t\t\t\t<\/div>\n\t\t<\/section>\n\t\t\t\t<section class=\"elementor-section elementor-top-section elementor-element elementor-element-e1cdbb5 elementor-section-stretched elementor-section-boxed elementor-section-height-default elementor-section-height-default\" data-id=\"e1cdbb5\" data-element_type=\"section\" data-e-type=\"section\" data-settings=\"{&quot;stretch_section&quot;:&quot;section-stretched&quot;}\">\n\t\t\t\t\t\t<div class=\"elementor-container elementor-column-gap-default\">\n\t\t\t\t\t<div class=\"elementor-column elementor-col-50 elementor-top-column elementor-element elementor-element-de576ad\" data-id=\"de576ad\" data-element_type=\"column\" data-e-type=\"column\">\n\t\t\t<div class=\"elementor-widget-wrap elementor-element-populated\">\n\t\t\t\t\t\t<div class=\"elementor-element elementor-element-f53471c elementor-widget elementor-widget-text-editor\" data-id=\"f53471c\" data-element_type=\"widget\" data-e-type=\"widget\" data-widget_type=\"text-editor.default\">\n\t\t\t\t<div class=\"elementor-widget-container\">\n\t\t\t\t\t\t\t\t\t<p>Notre production se r\u00e9partie environ comme ceci, en fonction du besoin, mais surtout de la m\u00e9t\u00e9o :\u00a0<\/p>\t\t\t\t\t\t\t\t<\/div>\n\t\t\t\t<\/div>\n\t\t\t\t\t<\/div>\n\t\t<\/div>\n\t\t\t\t<div class=\"elementor-column elementor-col-50 elementor-top-column elementor-element elementor-element-c81dd3e elementor-invisible\" data-id=\"c81dd3e\" data-element_type=\"column\" data-e-type=\"column\" data-settings=\"{&quot;background_background&quot;:&quot;classic&quot;,&quot;animation&quot;:&quot;slideInLeft&quot;,&quot;animation_delay&quot;:0}\">\n\t\t\t<div class=\"elementor-widget-wrap elementor-element-populated\">\n\t\t\t\t\t\t<div class=\"elementor-element elementor-element-9581f09 elementor-widget__width-inherit elementor-widget elementor-widget-progress\" data-id=\"9581f09\" data-element_type=\"widget\" data-e-type=\"widget\" data-widget_type=\"progress.default\">\n\t\t\t\t<div class=\"elementor-widget-container\">\n\t\t\t\t\t\t\t\t<span class=\"elementor-title\" id=\"elementor-progress-bar-9581f09\">\n\t\t\t\tBl\u00e9\t\t\t<\/span>\n\t\t\n\t\t<div aria-labelledby=\"elementor-progress-bar-9581f09\" class=\"elementor-progress-wrapper progress-warning\" role=\"progressbar\" aria-valuemin=\"0\" aria-valuemax=\"100\" aria-valuenow=\"50\">\n\t\t\t<div class=\"elementor-progress-bar\" data-max=\"50\">\n\t\t\t\t<span class=\"elementor-progress-text\"><\/span>\n\t\t\t\t\t\t\t\t\t<span class=\"elementor-progress-percentage\">50%<\/span>\n\t\t\t\t\t\t\t<\/div>\n\t\t<\/div>\n\t\t\t\t\t\t<\/div>\n\t\t\t\t<\/div>\n\t\t\t\t<div class=\"elementor-element elementor-element-4060cf0 elementor-widget elementor-widget-progress\" data-id=\"4060cf0\" data-element_type=\"widget\" data-e-type=\"widget\" data-widget_type=\"progress.default\">\n\t\t\t\t<div class=\"elementor-widget-container\">\n\t\t\t\t\t\t\t\t<span class=\"elementor-title\" id=\"elementor-progress-bar-4060cf0\">\n\t\t\t\tColza\t\t\t<\/span>\n\t\t\n\t\t<div aria-labelledby=\"elementor-progress-bar-4060cf0\" class=\"elementor-progress-wrapper progress-warning\" role=\"progressbar\" aria-valuemin=\"0\" aria-valuemax=\"100\" aria-valuenow=\"9\">\n\t\t\t<div class=\"elementor-progress-bar\" data-max=\"9\">\n\t\t\t\t<span class=\"elementor-progress-text\"><\/span>\n\t\t\t\t\t\t\t\t\t<span class=\"elementor-progress-percentage\">9%<\/span>\n\t\t\t\t\t\t\t<\/div>\n\t\t<\/div>\n\t\t\t\t\t\t<\/div>\n\t\t\t\t<\/div>\n\t\t\t\t<div class=\"elementor-element elementor-element-586ff93 elementor-widget elementor-widget-progress\" data-id=\"586ff93\" data-element_type=\"widget\" data-e-type=\"widget\" data-widget_type=\"progress.default\">\n\t\t\t\t<div class=\"elementor-widget-container\">\n\t\t\t\t\t\t\t\t<span class=\"elementor-title\" id=\"elementor-progress-bar-586ff93\">\n\t\t\t\tMa\u00efs\t\t\t<\/span>\n\t\t\n\t\t<div aria-labelledby=\"elementor-progress-bar-586ff93\" class=\"elementor-progress-wrapper progress-warning\" role=\"progressbar\" aria-valuemin=\"0\" aria-valuemax=\"100\" aria-valuenow=\"18\">\n\t\t\t<div class=\"elementor-progress-bar\" data-max=\"18\">\n\t\t\t\t<span class=\"elementor-progress-text\"><\/span>\n\t\t\t\t\t\t\t\t\t<span class=\"elementor-progress-percentage\">18%<\/span>\n\t\t\t\t\t\t\t<\/div>\n\t\t<\/div>\n\t\t\t\t\t\t<\/div>\n\t\t\t\t<\/div>\n\t\t\t\t<div class=\"elementor-element elementor-element-5b54983 elementor-widget elementor-widget-progress\" data-id=\"5b54983\" data-element_type=\"widget\" data-e-type=\"widget\" data-widget_type=\"progress.default\">\n\t\t\t\t<div class=\"elementor-widget-container\">\n\t\t\t\t\t\t\t\t<span class=\"elementor-title\" id=\"elementor-progress-bar-5b54983\">\n\t\t\t\tF\u00e9verole\t\t\t<\/span>\n\t\t\n\t\t<div aria-labelledby=\"elementor-progress-bar-5b54983\" class=\"elementor-progress-wrapper progress-warning\" role=\"progressbar\" aria-valuemin=\"0\" aria-valuemax=\"100\" aria-valuenow=\"9\">\n\t\t\t<div class=\"elementor-progress-bar\" data-max=\"9\">\n\t\t\t\t<span class=\"elementor-progress-text\"><\/span>\n\t\t\t\t\t\t\t\t\t<span class=\"elementor-progress-percentage\">9%<\/span>\n\t\t\t\t\t\t\t<\/div>\n\t\t<\/div>\n\t\t\t\t\t\t<\/div>\n\t\t\t\t<\/div>\n\t\t\t\t<div class=\"elementor-element elementor-element-7622247 elementor-widget elementor-widget-progress\" data-id=\"7622247\" data-element_type=\"widget\" data-e-type=\"widget\" data-widget_type=\"progress.default\">\n\t\t\t\t<div class=\"elementor-widget-container\">\n\t\t\t\t\t\t\t\t<span class=\"elementor-title\" id=\"elementor-progress-bar-7622247\">\n\t\t\t\tSoja - Sorgho - Tournesol\t\t\t<\/span>\n\t\t\n\t\t<div aria-labelledby=\"elementor-progress-bar-7622247\" class=\"elementor-progress-wrapper progress-warning\" role=\"progressbar\" aria-valuemin=\"0\" aria-valuemax=\"100\" aria-valuenow=\"9\">\n\t\t\t<div class=\"elementor-progress-bar\" data-max=\"9\">\n\t\t\t\t<span class=\"elementor-progress-text\"><\/span>\n\t\t\t\t\t\t\t\t\t<span class=\"elementor-progress-percentage\">9%<\/span>\n\t\t\t\t\t\t\t<\/div>\n\t\t<\/div>\n\t\t\t\t\t\t<\/div>\n\t\t\t\t<\/div>\n\t\t\t\t<div class=\"elementor-element elementor-element-b7f7302 elementor-widget elementor-widget-progress\" data-id=\"b7f7302\" data-element_type=\"widget\" data-e-type=\"widget\" data-widget_type=\"progress.default\">\n\t\t\t\t<div class=\"elementor-widget-container\">\n\t\t\t\t\t\t\t\t<span class=\"elementor-title\" id=\"elementor-progress-bar-b7f7302\">\n\t\t\t\tJach\u00e8re - Elevage\t\t\t<\/span>\n\t\t\n\t\t<div aria-labelledby=\"elementor-progress-bar-b7f7302\" class=\"elementor-progress-wrapper progress-warning\" role=\"progressbar\" aria-valuemin=\"0\" aria-valuemax=\"100\" aria-valuenow=\"5\">\n\t\t\t<div class=\"elementor-progress-bar\" data-max=\"5\">\n\t\t\t\t<span class=\"elementor-progress-text\"><\/span>\n\t\t\t\t\t\t\t\t\t<span class=\"elementor-progress-percentage\">5%<\/span>\n\t\t\t\t\t\t\t<\/div>\n\t\t<\/div>\n\t\t\t\t\t\t<\/div>\n\t\t\t\t<\/div>\n\t\t\t\t\t<\/div>\n\t\t<\/div>\n\t\t\t\t\t<\/div>\n\t\t<\/section>\n\t\t\t\t<\/div>\n\t\t","protected":false},"excerpt":{"rendered":"<p>Les cultures comme base de l&rsquo;\u00e9levage : Le d\u00e9bouch\u00e9 principal de nos cultures est l&rsquo;\u00e9levage. Une grande partie des c\u00e9r\u00e9ales produites est stock\u00e9e \u00e0 la ferme et utilis\u00e9e dans la fabrication de l&rsquo;aliment pour les volailles. Le bl\u00e9, le ma\u00efs et la f\u00e9verole sont broy\u00e9 directement, le colza est d&rsquo;abord press\u00e9 pour en extraire l&rsquo;huile &hellip; <\/p>\n<p class=\"link-more\"><a href=\"https:\/\/xn--lamangrire-66a.fr\/index.php\/cultures\/\" class=\"more-link\">Continuer la lecture<span class=\"screen-reader-text\"> de &laquo;&nbsp;Les cultures&nbsp;&raquo;<\/span><\/a><\/p>\n","protected":false},"author":2,"featured_media":0,"parent":0,"menu_order":1,"comment_status":"closed","ping_status":"closed","template":"","meta":{"footnotes":""},"class_list":["post-7","page","type-page","status-publish","hentry"],"yoast_head":"<!-- This site is optimized with the Yoast SEO plugin v27.5 - https:\/\/yoast.com\/product\/yoast-seo-wordpress\/ -->\n<title>Les cultures - La Mangri\u00e8re<\/title>\n<meta name=\"robots\" content=\"index, follow, max-snippet:-1, max-image-preview:large, max-video-preview:-1\" \/>\n<link rel=\"canonical\" href=\"https:\/\/xn--lamangrire-66a.fr\/index.php\/cultures\/\" \/>\n<meta property=\"og:locale\" content=\"fr_FR\" \/>\n<meta property=\"og:type\" content=\"article\" \/>\n<meta property=\"og:title\" content=\"Les cultures - La Mangri\u00e8re\" \/>\n<meta property=\"og:description\" content=\"Les cultures comme base de l&rsquo;\u00e9levage : Le d\u00e9bouch\u00e9 principal de nos cultures est l&rsquo;\u00e9levage. Une grande partie des c\u00e9r\u00e9ales produites est stock\u00e9e \u00e0 la ferme et utilis\u00e9e dans la fabrication de l&rsquo;aliment pour les volailles. Le bl\u00e9, le ma\u00efs et la f\u00e9verole sont broy\u00e9 directement, le colza est d&rsquo;abord press\u00e9 pour en extraire l&rsquo;huile &hellip; Continuer la lecture de &laquo;&nbsp;Les cultures&nbsp;&raquo;\" \/>\n<meta property=\"og:url\" content=\"https:\/\/xn--lamangrire-66a.fr\/index.php\/cultures\/\" \/>\n<meta property=\"og:site_name\" content=\"La Mangri\u00e8re\" \/>\n<meta property=\"article:publisher\" content=\"https:\/\/www.facebook.com\/lamangrierevolaillesfermieres\/\" \/>\n<meta property=\"article:modified_time\" content=\"2020-05-25T17:24:53+00:00\" \/>\n<meta property=\"og:image\" content=\"https:\/\/xn--lamangrire-66a.fr\/wp-content\/uploads\/2020\/05\/P1140759-1024x768.jpg\" \/>\n<meta name=\"twitter:card\" content=\"summary_large_image\" \/>\n<meta name=\"twitter:label1\" content=\"Dur\u00e9e de lecture estim\u00e9e\" \/>\n\t<meta name=\"twitter:data1\" content=\"1 minute\" \/>\n<script type=\"application\/ld+json\" class=\"yoast-schema-graph\">{\"@context\":\"https:\\\/\\\/schema.org\",\"@graph\":[{\"@type\":\"WebPage\",\"@id\":\"https:\\\/\\\/xn--lamangrire-66a.fr\\\/index.php\\\/cultures\\\/\",\"url\":\"https:\\\/\\\/xn--lamangrire-66a.fr\\\/index.php\\\/cultures\\\/\",\"name\":\"Les cultures - La Mangri\u00e8re\",\"isPartOf\":{\"@id\":\"https:\\\/\\\/xn--lamangrire-66a.fr\\\/#website\"},\"primaryImageOfPage\":{\"@id\":\"https:\\\/\\\/xn--lamangrire-66a.fr\\\/index.php\\\/cultures\\\/#primaryimage\"},\"image\":{\"@id\":\"https:\\\/\\\/xn--lamangrire-66a.fr\\\/index.php\\\/cultures\\\/#primaryimage\"},\"thumbnailUrl\":\"https:\\\/\\\/xn--lamangrire-66a.fr\\\/wp-content\\\/uploads\\\/2020\\\/05\\\/P1140759-1024x768.jpg\",\"datePublished\":\"2011-11-10T19:43:01+00:00\",\"dateModified\":\"2020-05-25T17:24:53+00:00\",\"breadcrumb\":{\"@id\":\"https:\\\/\\\/xn--lamangrire-66a.fr\\\/index.php\\\/cultures\\\/#breadcrumb\"},\"inLanguage\":\"fr-FR\",\"potentialAction\":[{\"@type\":\"ReadAction\",\"target\":[\"https:\\\/\\\/xn--lamangrire-66a.fr\\\/index.php\\\/cultures\\\/\"]}]},{\"@type\":\"ImageObject\",\"inLanguage\":\"fr-FR\",\"@id\":\"https:\\\/\\\/xn--lamangrire-66a.fr\\\/index.php\\\/cultures\\\/#primaryimage\",\"url\":\"https:\\\/\\\/xn--lamangrire-66a.fr\\\/wp-content\\\/uploads\\\/2020\\\/05\\\/P1140759-scaled.jpg\",\"contentUrl\":\"https:\\\/\\\/xn--lamangrire-66a.fr\\\/wp-content\\\/uploads\\\/2020\\\/05\\\/P1140759-scaled.jpg\",\"width\":2560,\"height\":1920},{\"@type\":\"BreadcrumbList\",\"@id\":\"https:\\\/\\\/xn--lamangrire-66a.fr\\\/index.php\\\/cultures\\\/#breadcrumb\",\"itemListElement\":[{\"@type\":\"ListItem\",\"position\":1,\"name\":\"Accueil\",\"item\":\"https:\\\/\\\/xn--lamangrire-66a.fr\\\/\"},{\"@type\":\"ListItem\",\"position\":2,\"name\":\"Les cultures\"}]},{\"@type\":\"WebSite\",\"@id\":\"https:\\\/\\\/xn--lamangrire-66a.fr\\\/#website\",\"url\":\"https:\\\/\\\/xn--lamangrire-66a.fr\\\/\",\"name\":\"La Mangri\u00e8re\",\"description\":\"Volailles Fermi\u00e8res\",\"publisher\":{\"@id\":\"https:\\\/\\\/xn--lamangrire-66a.fr\\\/#organization\"},\"potentialAction\":[{\"@type\":\"SearchAction\",\"target\":{\"@type\":\"EntryPoint\",\"urlTemplate\":\"https:\\\/\\\/xn--lamangrire-66a.fr\\\/?s={search_term_string}\"},\"query-input\":{\"@type\":\"PropertyValueSpecification\",\"valueRequired\":true,\"valueName\":\"search_term_string\"}}],\"inLanguage\":\"fr-FR\"},{\"@type\":\"Organization\",\"@id\":\"https:\\\/\\\/xn--lamangrire-66a.fr\\\/#organization\",\"name\":\"La Mangri\u00e8re\",\"url\":\"https:\\\/\\\/xn--lamangrire-66a.fr\\\/\",\"logo\":{\"@type\":\"ImageObject\",\"inLanguage\":\"fr-FR\",\"@id\":\"https:\\\/\\\/xn--lamangrire-66a.fr\\\/#\\\/schema\\\/logo\\\/image\\\/\",\"url\":\"https:\\\/\\\/xn--lamangrire-66a.fr\\\/wp-content\\\/uploads\\\/2018\\\/02\\\/maison5-rc3a9duit-e1588015501561.jpg\",\"contentUrl\":\"https:\\\/\\\/xn--lamangrire-66a.fr\\\/wp-content\\\/uploads\\\/2018\\\/02\\\/maison5-rc3a9duit-e1588015501561.jpg\",\"width\":100,\"height\":54,\"caption\":\"La Mangri\u00e8re\"},\"image\":{\"@id\":\"https:\\\/\\\/xn--lamangrire-66a.fr\\\/#\\\/schema\\\/logo\\\/image\\\/\"},\"sameAs\":[\"https:\\\/\\\/www.facebook.com\\\/lamangrierevolaillesfermieres\\\/\"]}]}<\/script>\n<!-- \/ Yoast SEO plugin. -->","yoast_head_json":{"title":"Les cultures - La Mangri\u00e8re","robots":{"index":"index","follow":"follow","max-snippet":"max-snippet:-1","max-image-preview":"max-image-preview:large","max-video-preview":"max-video-preview:-1"},"canonical":"https:\/\/xn--lamangrire-66a.fr\/index.php\/cultures\/","og_locale":"fr_FR","og_type":"article","og_title":"Les cultures - La Mangri\u00e8re","og_description":"Les cultures comme base de l&rsquo;\u00e9levage : Le d\u00e9bouch\u00e9 principal de nos cultures est l&rsquo;\u00e9levage. Une grande partie des c\u00e9r\u00e9ales produites est stock\u00e9e \u00e0 la ferme et utilis\u00e9e dans la fabrication de l&rsquo;aliment pour les volailles. Le bl\u00e9, le ma\u00efs et la f\u00e9verole sont broy\u00e9 directement, le colza est d&rsquo;abord press\u00e9 pour en extraire l&rsquo;huile &hellip; Continuer la lecture de &laquo;&nbsp;Les cultures&nbsp;&raquo;","og_url":"https:\/\/xn--lamangrire-66a.fr\/index.php\/cultures\/","og_site_name":"La Mangri\u00e8re","article_publisher":"https:\/\/www.facebook.com\/lamangrierevolaillesfermieres\/","article_modified_time":"2020-05-25T17:24:53+00:00","og_image":[{"url":"https:\/\/xn--lamangrire-66a.fr\/wp-content\/uploads\/2020\/05\/P1140759-1024x768.jpg","type":"","width":"","height":""}],"twitter_card":"summary_large_image","twitter_misc":{"Dur\u00e9e de lecture estim\u00e9e":"1 minute"},"schema":{"@context":"https:\/\/schema.org","@graph":[{"@type":"WebPage","@id":"https:\/\/xn--lamangrire-66a.fr\/index.php\/cultures\/","url":"https:\/\/xn--lamangrire-66a.fr\/index.php\/cultures\/","name":"Les cultures - La Mangri\u00e8re","isPartOf":{"@id":"https:\/\/xn--lamangrire-66a.fr\/#website"},"primaryImageOfPage":{"@id":"https:\/\/xn--lamangrire-66a.fr\/index.php\/cultures\/#primaryimage"},"image":{"@id":"https:\/\/xn--lamangrire-66a.fr\/index.php\/cultures\/#primaryimage"},"thumbnailUrl":"https:\/\/xn--lamangrire-66a.fr\/wp-content\/uploads\/2020\/05\/P1140759-1024x768.jpg","datePublished":"2011-11-10T19:43:01+00:00","dateModified":"2020-05-25T17:24:53+00:00","breadcrumb":{"@id":"https:\/\/xn--lamangrire-66a.fr\/index.php\/cultures\/#breadcrumb"},"inLanguage":"fr-FR","potentialAction":[{"@type":"ReadAction","target":["https:\/\/xn--lamangrire-66a.fr\/index.php\/cultures\/"]}]},{"@type":"ImageObject","inLanguage":"fr-FR","@id":"https:\/\/xn--lamangrire-66a.fr\/index.php\/cultures\/#primaryimage","url":"https:\/\/xn--lamangrire-66a.fr\/wp-content\/uploads\/2020\/05\/P1140759-scaled.jpg","contentUrl":"https:\/\/xn--lamangrire-66a.fr\/wp-content\/uploads\/2020\/05\/P1140759-scaled.jpg","width":2560,"height":1920},{"@type":"BreadcrumbList","@id":"https:\/\/xn--lamangrire-66a.fr\/index.php\/cultures\/#breadcrumb","itemListElement":[{"@type":"ListItem","position":1,"name":"Accueil","item":"https:\/\/xn--lamangrire-66a.fr\/"},{"@type":"ListItem","position":2,"name":"Les cultures"}]},{"@type":"WebSite","@id":"https:\/\/xn--lamangrire-66a.fr\/#website","url":"https:\/\/xn--lamangrire-66a.fr\/","name":"La Mangri\u00e8re","description":"Volailles Fermi\u00e8res","publisher":{"@id":"https:\/\/xn--lamangrire-66a.fr\/#organization"},"potentialAction":[{"@type":"SearchAction","target":{"@type":"EntryPoint","urlTemplate":"https:\/\/xn--lamangrire-66a.fr\/?s={search_term_string}"},"query-input":{"@type":"PropertyValueSpecification","valueRequired":true,"valueName":"search_term_string"}}],"inLanguage":"fr-FR"},{"@type":"Organization","@id":"https:\/\/xn--lamangrire-66a.fr\/#organization","name":"La Mangri\u00e8re","url":"https:\/\/xn--lamangrire-66a.fr\/","logo":{"@type":"ImageObject","inLanguage":"fr-FR","@id":"https:\/\/xn--lamangrire-66a.fr\/#\/schema\/logo\/image\/","url":"https:\/\/xn--lamangrire-66a.fr\/wp-content\/uploads\/2018\/02\/maison5-rc3a9duit-e1588015501561.jpg","contentUrl":"https:\/\/xn--lamangrire-66a.fr\/wp-content\/uploads\/2018\/02\/maison5-rc3a9duit-e1588015501561.jpg","width":100,"height":54,"caption":"La Mangri\u00e8re"},"image":{"@id":"https:\/\/xn--lamangrire-66a.fr\/#\/schema\/logo\/image\/"},"sameAs":["https:\/\/www.facebook.com\/lamangrierevolaillesfermieres\/"]}]}},"jetpack_sharing_enabled":true,"_links":{"self":[{"href":"https:\/\/xn--lamangrire-66a.fr\/index.php\/wp-json\/wp\/v2\/pages\/7","targetHints":{"allow":["GET"]}}],"collection":[{"href":"https:\/\/xn--lamangrire-66a.fr\/index.php\/wp-json\/wp\/v2\/pages"}],"about":[{"href":"https:\/\/xn--lamangrire-66a.fr\/index.php\/wp-json\/wp\/v2\/types\/page"}],"author":[{"embeddable":true,"href":"https:\/\/xn--lamangrire-66a.fr\/index.php\/wp-json\/wp\/v2\/users\/2"}],"replies":[{"embeddable":true,"href":"https:\/\/xn--lamangrire-66a.fr\/index.php\/wp-json\/wp\/v2\/comments?post=7"}],"version-history":[{"count":5,"href":"https:\/\/xn--lamangrire-66a.fr\/index.php\/wp-json\/wp\/v2\/pages\/7\/revisions"}],"predecessor-version":[{"id":511,"href":"https:\/\/xn--lamangrire-66a.fr\/index.php\/wp-json\/wp\/v2\/pages\/7\/revisions\/511"}],"wp:attachment":[{"href":"https:\/\/xn--lamangrire-66a.fr\/index.php\/wp-json\/wp\/v2\/media?parent=7"}],"curies":[{"name":"wp","href":"https:\/\/api.w.org\/{rel}","templated":true}]}}